{"id":224,"date":"2014-02-20T10:37:55","date_gmt":"2014-02-20T10:37:55","guid":{"rendered":"http:\/\/www.liceuliacobeni.ro\/?page_id=224"},"modified":"2014-02-20T10:39:21","modified_gmt":"2014-02-20T10:39:21","slug":"date-despre-unitate","status":"publish","type":"page","link":"https:\/\/www.liceuliacobeni.ro\/?page_id=224","title":{"rendered":"Date despre unitate"},"content":{"rendered":"<p><strong>NUM\u0102RUL DE CLASE<\/strong><\/p>\n<table border=\"0\" cellpadding=\"0\" align=\"left\">\n<thead>\n<tr>\n<td width=\"320\">\n<p align=\"center\"><strong>\u00a0<\/strong><\/p>\n<\/td>\n<td>\n<p align=\"center\"><strong>Unitate coordonatoare<\/strong><\/p>\n<\/td>\n<td>\n<p align=\"center\"><strong>Structuri subordonate<\/strong><\/p>\n<\/td>\n<td>\n<p align=\"center\"><strong>Total Unitate<\/strong><\/p>\n<\/td>\n<\/tr>\n<\/thead>\n<tbody>\n<tr>\n<td style=\"text-align: center;\" width=\"320\">Num\u0103rul de grupe din \u00eenv\u0103\u0163\u0103m\u00e2ntul antepre\u015fcolar<\/td>\n<td style=\"text-align: center;\">\u00a00<\/td>\n<td style=\"text-align: center;\">\u00a00<\/td>\n<td style=\"text-align: center;\">0<\/td>\n<\/tr>\n<tr>\n<td width=\"320\">Num\u0103rul de grupe din \u00eenv\u0103\u0163\u0103m\u00e2ntul pre\u015fcolar<\/td>\n<td style=\"text-align: center;\">\u00a03<\/td>\n<td style=\"text-align: center;\">\u00a04<\/td>\n<td style=\"text-align: center;\">7<\/td>\n<\/tr>\n<tr>\n<td width=\"320\">Num\u0103rul de clase din \u00eenv\u0103\u0163\u0103m\u00e2ntul primar (I-IV)<\/td>\n<td style=\"text-align: center;\">\u00a04<\/td>\n<td style=\"text-align: center;\">\u00a08<\/td>\n<td style=\"text-align: center;\">12<\/td>\n<\/tr>\n<tr>\n<td width=\"320\">Num\u0103rul de clase din \u00eenv\u0103\u0163\u0103m\u00e2ntul gimnazial (V-VIII)<\/td>\n<td style=\"text-align: center;\">\u00a04<\/td>\n<td style=\"text-align: center;\">\u00a04<\/td>\n<td style=\"text-align: center;\">8<\/td>\n<\/tr>\n<tr>\n<td width=\"320\">Num\u0103rul de clase din \u00eenv\u0103\u0163\u0103m\u00e2ntul liceal (IX-XII\/XIII)<\/td>\n<td style=\"text-align: center;\">\u00a03<\/td>\n<td style=\"text-align: center;\">\u00a00<\/td>\n<td style=\"text-align: center;\">3<\/td>\n<\/tr>\n<tr>\n<td width=\"320\">Num\u0103rul de clase din \u00eenv\u0103\u0163\u0103m\u00e2ntul profesional cu durata de 2 ani dup\u0103 clasa a IX-a<\/td>\n<td style=\"text-align: center;\">\u00a01<\/td>\n<td style=\"text-align: center;\">\u00a00<\/td>\n<td style=\"text-align: center;\">1<\/td>\n<\/tr>\n<tr>\n<td width=\"320\">Num\u0103rul de clase la stagiile de practic\u0103 dup\u0103 finalizarea ciclului inferior al liceului<\/td>\n<td style=\"text-align: center;\">\u00a00<\/td>\n<td style=\"text-align: center;\">\u00a00<\/td>\n<td style=\"text-align: center;\">0<\/td>\n<\/tr>\n<tr>\n<td width=\"320\">Num\u0103rul de clase din \u00eenv\u0103\u0163\u0103m\u00e2ntul postliceal<\/td>\n<td style=\"text-align: center;\">\u00a00<\/td>\n<td style=\"text-align: center;\">\u00a00<\/td>\n<td style=\"text-align: center;\">0<\/td>\n<\/tr>\n<\/tbody>\n<\/table>\n<p>&nbsp;<\/p>\n<p><strong>NUM\u0102RUL EFECTIVELOR \u015eCOLARE<\/strong><\/p>\n<table border=\"0\" cellpadding=\"0\">\n<thead>\n<tr>\n<td width=\"320\"><\/td>\n<td>\n<p align=\"center\"><strong>Unitate coordonatoare<\/strong><\/p>\n<\/td>\n<td>\n<p align=\"center\"><strong>Structuri subordonate<\/strong><\/p>\n<\/td>\n<td>\n<p align=\"center\"><strong>Total Unitate<\/strong><\/p>\n<\/td>\n<\/tr>\n<\/thead>\n<tbody>\n<tr>\n<td><\/td>\n<td><\/td>\n<td><\/td>\n<td><\/td>\n<\/tr>\n<tr>\n<td>Num\u0103rul de copii din \u00eenv\u0103\u0163\u0103m\u00e2ntul pre\u015fcolar<\/td>\n<td style=\"text-align: center;\">71<\/td>\n<td style=\"text-align: center;\">71<\/td>\n<td style=\"text-align: center;\">142<\/td>\n<\/tr>\n<tr>\n<td>Num\u0103rul de elevi din \u00eenv\u0103\u0163\u0103m\u00e2ntul primar (I-IV)<\/td>\n<td style=\"text-align: center;\">89<\/td>\n<td style=\"text-align: center;\">128<\/td>\n<td style=\"text-align: center;\">217<\/td>\n<\/tr>\n<tr>\n<td>Num\u0103rul de elevi din \u00eenv\u0103\u0163\u0103m\u00e2ntul gimnazial (V-VIII)<\/td>\n<td style=\"text-align: center;\">119<\/td>\n<td style=\"text-align: center;\">78<\/td>\n<td style=\"text-align: center;\">197<\/td>\n<\/tr>\n<tr>\n<td>Num\u0103rul de elevi din \u00eenv\u0103\u0163\u0103m\u00e2ntul liceal ( IX-XII\/XIII)<\/td>\n<td style=\"text-align: center;\">110<\/td>\n<td style=\"text-align: center;\">0<\/td>\n<td style=\"text-align: center;\">110<\/td>\n<\/tr>\n<tr>\n<td>Num\u0103rul de elevi din \u00eenv\u0103\u0163\u0103m\u00e2ntul profesional cu durata de 2 ani dup\u0103 clasa a IX-a<\/td>\n<td style=\"text-align: center;\">45<\/td>\n<td style=\"text-align: center;\">0<\/td>\n<td style=\"text-align: center;\">45<\/td>\n<\/tr>\n<tr>\n<td><\/td>\n<td><\/td>\n<td><\/td>\n<td><\/td>\n<\/tr>\n<tr>\n<td><\/td>\n<td><\/td>\n<td><\/td>\n<td><\/td>\n<\/tr>\n<tr>\n<td>Total<\/td>\n<td style=\"text-align: center;\">434<\/td>\n<td style=\"text-align: center;\">277<\/td>\n<td style=\"text-align: center;\">711<\/td>\n<\/tr>\n<tr>\n<td>Total gradini\u0163\u0103<\/td>\n<td style=\"text-align: center;\">71<\/td>\n<td style=\"text-align: center;\">71<\/td>\n<td style=\"text-align: center;\">142<\/td>\n<\/tr>\n<tr>\n<td>Total niveluri \u015fcoal\u0103<\/td>\n<td style=\"text-align: center;\">363<\/td>\n<td style=\"text-align: center;\">206<\/td>\n<td style=\"text-align: center;\">569<\/td>\n<\/tr>\n<\/tbody>\n<\/table>\n<p><strong>Distribu\u0163ia pe grade didactice a personalului didactic angajat, \u00een anul \u015fcolar curent:2013-2014<\/strong><\/p>\n<table border=\"0\" cellpadding=\"0\">\n<thead>\n<tr>\n<td width=\"260\">\n<p align=\"center\"><strong>\u00a0<\/strong><\/p>\n<\/td>\n<td>\n<p align=\"center\"><strong>Num\u0103r cadre didactice<\/strong><\/p>\n<\/td>\n<td>\n<p align=\"center\"><strong>Structur\u0103[%]<\/strong><\/p>\n<\/td>\n<\/tr>\n<\/thead>\n<tbody>\n<tr>\n<td><\/td>\n<td><\/td>\n<td><\/td>\n<\/tr>\n<tr>\n<td>Num\u0103r cadre didactice cu gradul I<\/td>\n<td style=\"text-align: center;\">2<\/td>\n<td style=\"text-align: center;\">4.35<\/td>\n<\/tr>\n<tr>\n<td>Num\u0103r cadre didactice cu gradul II<\/td>\n<td style=\"text-align: center;\">11<\/td>\n<td style=\"text-align: center;\">23.91<\/td>\n<\/tr>\n<tr>\n<td>Num\u0103r cadre didactice cu definitivat<\/td>\n<td style=\"text-align: center;\">10<\/td>\n<td style=\"text-align: center;\">21.74<\/td>\n<\/tr>\n<tr>\n<td>Num\u0103r cadre didactice f\u0103r\u0103 definitivat<\/td>\n<td style=\"text-align: center;\">17<\/td>\n<td style=\"text-align: center;\">36.96<\/td>\n<\/tr>\n<tr>\n<td>Num\u0103r personal didactic necalificat<\/td>\n<td style=\"text-align: center;\">6<\/td>\n<td style=\"text-align: center;\">13.04<\/td>\n<\/tr>\n<tr>\n<td>Total<\/td>\n<td style=\"text-align: center;\">46<\/td>\n<td style=\"text-align: center;\">100.00<\/td>\n<\/tr>\n<\/tbody>\n<\/table>\n<p>&nbsp;<\/p>\n<p>&nbsp;<\/p>\n<p>&nbsp;<\/p>\n<!-- PHP 5.x -->","protected":false},"excerpt":{"rendered":"<p>NUM\u0102RUL DE CLASE \u00a0 Unitate coordonatoare Structuri subordonate Total Unitate Num\u0103rul de grupe din \u00eenv\u0103\u0163\u0103m\u00e2ntul antepre\u015fcolar \u00a00 \u00a00 0 Num\u0103rul de grupe din \u00eenv\u0103\u0163\u0103m\u00e2ntul pre\u015fcolar \u00a03 \u00a04 7 Num\u0103rul de clase din \u00eenv\u0103\u0163\u0103m\u00e2ntul primar (I-IV) \u00a04 \u00a08 12 Num\u0103rul de clase din \u00eenv\u0103\u0163\u0103m\u00e2ntul gimnazial (V-VIII) \u00a04 \u00a04 8 Num\u0103rul de clase din \u00eenv\u0103\u0163\u0103m\u00e2ntul liceal (IX-XII\/XIII) [&hellip;]<\/p>\n","protected":false},"author":4,"featured_media":0,"parent":0,"menu_order":2,"comment_status":"open","ping_status":"open","template":"","meta":{"footnotes":"","_links_to":"","_links_to_target":""},"class_list":["post-224","page","type-page","status-publish","hentry"],"_links":{"self":[{"href":"https:\/\/www.liceuliacobeni.ro\/index.php?rest_route=\/wp\/v2\/pages\/224","targetHints":{"allow":["GET"]}}],"collection":[{"href":"https:\/\/www.liceuliacobeni.ro\/index.php?rest_route=\/wp\/v2\/pages"}],"about":[{"href":"https:\/\/www.liceuliacobeni.ro\/index.php?rest_route=\/wp\/v2\/types\/page"}],"author":[{"embeddable":true,"href":"https:\/\/www.liceuliacobeni.ro\/index.php?rest_route=\/wp\/v2\/users\/4"}],"replies":[{"embeddable":true,"href":"https:\/\/www.liceuliacobeni.ro\/index.php?rest_route=%2Fwp%2Fv2%2Fcomments&post=224"}],"version-history":[{"count":4,"href":"https:\/\/www.liceuliacobeni.ro\/index.php?rest_route=\/wp\/v2\/pages\/224\/revisions"}],"predecessor-version":[{"id":228,"href":"https:\/\/www.liceuliacobeni.ro\/index.php?rest_route=\/wp\/v2\/pages\/224\/revisions\/228"}],"wp:attachment":[{"href":"https:\/\/www.liceuliacobeni.ro\/index.php?rest_route=%2Fwp%2Fv2%2Fmedia&parent=224"}],"curies":[{"name":"wp","href":"https:\/\/api.w.org\/{rel}","templated":true}]}}